{"id":445,"date":"2023-11-13T18:20:57","date_gmt":"2023-11-13T17:20:57","guid":{"rendered":"https:\/\/old.mederi-formation.fr\/?page_id=445"},"modified":"2024-03-13T17:38:12","modified_gmt":"2024-03-13T16:38:12","slug":"nos-formations","status":"publish","type":"page","link":"https:\/\/old.mederi-formation.fr\/index.php\/nos-formations\/","title":{"rendered":"Nos formations"},"content":{"rendered":"\n<p class=\"wp-block-paragraph\"><\/p>\n\n\n\n<section class=\"wp-block-group formations--top has-global-padding is-layout-constrained wp-block-group-is-layout-constrained\" style=\"padding-bottom:6.5rem\">\n<div class=\"wp-block-heading-bubble-wrapper\" style=\"--bubble-color:var(--wp--preset--color--quaterny-pastel)\"><h1 class=\"wp-block-heading\">Nos formations<\/h1><div class=\"heading-bubble\"><span class=\"bubble-inner\"><\/span><\/div><\/div>\n\n\n\n<p class=\"has-medium-font-size wp-block-paragraph\">Demandez le menu !&nbsp;<\/p>\n\n\n\n<p class=\"undefined wp-block-paragraph\">Vous trouverez dans notre catalogue deux types de formations :<\/p>\n\n\n\n<ul class=\"undefined wp-block-list\">\n<li>Les formations de nos formateur\u00b7ices, dont le contenu a \u00e9t\u00e9 travaill\u00e9 \u00e0 plusieurs mains, avec enthousiasme et passion. Le contenu se veut raisonn\u00e9, bas\u00e9 sur les donn\u00e9es de la science (EBP) appliqu\u00e9es \u00e0 une pratique clinique quotidienne.<\/li>\n<\/ul>\n\n\n\n<ul class=\"is-style-default wp-block-list\">\n<li>Des formations internationales, avec des formateur\u00b7ices renomm\u00e9\u00b7es, clinicien\u00b7nes et chercheur\u00b7euses, des pointures dans leur domaine. Nous s\u00e9lectionnons des formations pas ou peu diffus\u00e9es encore en France, et dont le contenu nous para\u00eet int\u00e9ressant voire indispensable pour une pratique clinique contemporaine.&nbsp;<\/li>\n<\/ul>\n<\/section>\n\n\n\n<section class=\"wp-block-group alignwide is-layout-flow wp-block-group-is-layout-flow\">\n<div class=\"wp-block-query is-layout-flow wp-block-query-is-layout-flow\">\n\n<div class=\"wp-block-query-no-results\">\n\n<p class=\"wp-block-paragraph\"><\/p>\n\n<\/div><\/div>\n<\/section>\n","protected":false},"excerpt":{"rendered":"<p>Nos formations Demandez le menu !&nbsp; Vous trouverez dans notre catalogue deux types de formations :<\/p>\n","protected":false},"author":1,"featured_media":0,"parent":0,"menu_order":0,"comment_status":"closed","ping_status":"closed","template":"","meta":{"footnotes":""},"class_list":["post-445","page","type-page","status-publish","hentry"],"acf":[],"_links":{"self":[{"href":"https:\/\/old.mederi-formation.fr\/index.php\/wp-json\/wp\/v2\/pages\/445","targetHints":{"allow":["GET"]}}],"collection":[{"href":"https:\/\/old.mederi-formation.fr\/index.php\/wp-json\/wp\/v2\/pages"}],"about":[{"href":"https:\/\/old.mederi-formation.fr\/index.php\/wp-json\/wp\/v2\/types\/page"}],"author":[{"embeddable":true,"href":"https:\/\/old.mederi-formation.fr\/index.php\/wp-json\/wp\/v2\/users\/1"}],"replies":[{"embeddable":true,"href":"https:\/\/old.mederi-formation.fr\/index.php\/wp-json\/wp\/v2\/comments?post=445"}],"version-history":[{"count":8,"href":"https:\/\/old.mederi-formation.fr\/index.php\/wp-json\/wp\/v2\/pages\/445\/revisions"}],"predecessor-version":[{"id":685,"href":"https:\/\/old.mederi-formation.fr\/index.php\/wp-json\/wp\/v2\/pages\/445\/revisions\/685"}],"wp:attachment":[{"href":"https:\/\/old.mederi-formation.fr\/index.php\/wp-json\/wp\/v2\/media?parent=445"}],"curies":[{"name":"wp","href":"https:\/\/api.w.org\/{rel}","templated":true}]}}