{"id":420,"date":"2023-11-06T17:27:22","date_gmt":"2023-11-06T16:27:22","guid":{"rendered":"https:\/\/old.mederi-formation.fr\/?page_id=420"},"modified":"2023-11-14T23:08:52","modified_gmt":"2023-11-14T22:08:52","slug":"nos-formateurs","status":"publish","type":"page","link":"https:\/\/old.mederi-formation.fr\/index.php\/nos-formateurs\/","title":{"rendered":"Nos formateurices"},"content":{"rendered":"\n<p class=\"wp-block-paragraph\"><\/p>\n\n\n\n<section class=\"wp-block-group trainers--top has-global-padding is-layout-constrained wp-block-group-is-layout-constrained\" style=\"padding-bottom:2.53rem\">\n<div class=\"wp-block-heading-bubble-wrapper\" style=\"--bubble-color:var(--wp--preset--color--quinary)\"><h1 class=\"wp-block-heading\">Nos formateur.ices<\/h1><div class=\"heading-bubble\"><span class=\"bubble-inner\"><\/span><\/div><\/div>\n\n\n\n<p class=\"has-medium-font-size wp-block-paragraph\">Engag\u00e9\u00b7es dans l\u2019am\u00e9lioration des pratiques,<br>elles et ils cherchent \u00e0 \u00e9changer sur les sujets<br>qui les passionnent. Vous aussi ? Venez les rencontrer !<\/p>\n<\/section>\n\n\n\n<section class=\"wp-block-group alignwide trainers--items has-global-padding is-layout-constrained wp-block-group-is-layout-constrained\">\n<div class=\"wp-block-columns items-row is-layout-flex wp-container-core-columns-is-layout-28f84493 wp-block-columns-is-layout-flex\">\n<div class=\"wp-block-column is-layout-flow wp-block-column-is-layout-flow\">\n<div class=\"wp-block-group row-item has-global-padding is-layout-constrained wp-block-group-is-layout-constrained\">                \n                                            <div class=\"portrait is-clickable\" style=\"--circle-color:var(--wp--preset--color--primary)\">\n                            <a class=\"portait-inner\" href=\"https:\/\/old.mederi-formation.fr\/index.php\/formateur\/marjorie\/\">\n                                <div class=\"portrait-image-wrapper\">\n                                                                            <div class=\"portrait-image\">\n                                            <img loading=\"lazy\" decoding=\"async\" width=\"300\" height=\"300\" src=\"https:\/\/old.mederi-formation.fr\/wp-content\/uploads\/2023\/10\/profil-300x300.jpg\" class=\"attachment-portrait size-portrait wp-post-image\" alt=\"\" srcset=\"https:\/\/old.mederi-formation.fr\/wp-content\/uploads\/2023\/10\/profil-300x300.jpg 300w, https:\/\/old.mederi-formation.fr\/wp-content\/uploads\/2023\/10\/profil-150x150.jpg 150w, https:\/\/old.mederi-formation.fr\/wp-content\/uploads\/2023\/10\/profil-75x75.jpg 75w\" sizes=\"auto, (max-width: 300px) 100vw, 300px\" \/>                                        <\/div>\n                                                                    <\/div>\n                                <div class=\"portrait-circle\"><\/div>\n                            <\/a>\n                        <\/div>\n                                    \n\n\n<h4 class=\"wp-block-heading has-text-align-center\">BERNARD Marjorie<\/h4>\n\n\n\n<p class=\"has-text-align-center item-job wp-block-paragraph\">Kin\u00e9sith\u00e9rapeute<\/p>\n<\/div>\n<\/div>\n\n\n\n<div class=\"wp-block-column is-layout-flow wp-block-column-is-layout-flow\">\n<div class=\"wp-block-group row-item has-global-padding is-layout-constrained wp-block-group-is-layout-constrained\">                \n                                            <div class=\"portrait has-top-right-circle-position is-clickable\" style=\"--circle-color:var(--wp--preset--color--secondary)\">\n                            <a class=\"portait-inner\" href=\"https:\/\/old.mederi-formation.fr\/index.php\/formateur\/anne\/\">\n                                <div class=\"portrait-image-wrapper\">\n                                                                            <div class=\"portrait-image\">\n                                            <img loading=\"lazy\" decoding=\"async\" width=\"300\" height=\"300\" src=\"https:\/\/old.mederi-formation.fr\/wp-content\/uploads\/2023\/10\/photo-anne-300x300.jpg\" class=\"attachment-portrait size-portrait wp-post-image\" alt=\"\" srcset=\"https:\/\/old.mederi-formation.fr\/wp-content\/uploads\/2023\/10\/photo-anne-300x300.jpg 300w, https:\/\/old.mederi-formation.fr\/wp-content\/uploads\/2023\/10\/photo-anne-150x150.jpg 150w, https:\/\/old.mederi-formation.fr\/wp-content\/uploads\/2023\/10\/photo-anne-75x75.jpg 75w\" sizes=\"auto, (max-width: 300px) 100vw, 300px\" \/>                                        <\/div>\n                                                                    <\/div>\n                                <div class=\"portrait-circle\"><\/div>\n                            <\/a>\n                        <\/div>\n                                    \n\n\n<h4 class=\"wp-block-heading has-text-align-center\">JOURGET Anne<\/h4>\n\n\n\n<p class=\"has-text-align-center item-job wp-block-paragraph\">Kin\u00e9sith\u00e9rapeute<\/p>\n<\/div>\n<\/div>\n\n\n\n<div class=\"wp-block-column is-layout-flow wp-block-column-is-layout-flow\">\n<div class=\"wp-block-group row-item has-global-padding is-layout-constrained wp-block-group-is-layout-constrained\">                \n                                            <div class=\"portrait is-clickable\" style=\"--circle-color:var(--wp--preset--color--primary)\">\n                            <a class=\"portait-inner\" href=\"https:\/\/old.mederi-formation.fr\/index.php\/formateur\/guillaume-bertrand\/\">\n                                <div class=\"portrait-image-wrapper\">\n                                                                            <div class=\"portrait-image\">\n                                            <img loading=\"lazy\" decoding=\"async\" width=\"300\" height=\"300\" src=\"https:\/\/old.mederi-formation.fr\/wp-content\/uploads\/2023\/10\/Fichier_000-300x300.jpeg\" class=\"attachment-portrait size-portrait wp-post-image\" alt=\"\" srcset=\"https:\/\/old.mederi-formation.fr\/wp-content\/uploads\/2023\/10\/Fichier_000-300x300.jpeg 300w, https:\/\/old.mederi-formation.fr\/wp-content\/uploads\/2023\/10\/Fichier_000-150x150.jpeg 150w, https:\/\/old.mederi-formation.fr\/wp-content\/uploads\/2023\/10\/Fichier_000-75x75.jpeg 75w\" sizes=\"auto, (max-width: 300px) 100vw, 300px\" \/>                                        <\/div>\n                                                                    <\/div>\n                                <div class=\"portrait-circle\"><\/div>\n                            <\/a>\n                        <\/div>\n                                    \n\n\n<h4 class=\"wp-block-heading has-text-align-center\">BERTRAND Guillaume<\/h4>\n\n\n\n<p class=\"has-text-align-center item-job wp-block-paragraph\">Kin\u00e9sith\u00e9rapeute<\/p>\n<\/div>\n<\/div>\n<\/div>\n\n\n\n<div class=\"wp-block-columns items-row is-layout-flex wp-container-core-columns-is-layout-28f84493 wp-block-columns-is-layout-flex\">\n<div class=\"wp-block-column is-layout-flow wp-block-column-is-layout-flow\">\n<div class=\"wp-block-group row-item has-global-padding is-layout-constrained wp-block-group-is-layout-constrained\">                \n                                            <div class=\"portrait is-clickable\" style=\"--circle-color:var(--wp--preset--color--secondary)\">\n                            <a class=\"portait-inner\" href=\"https:\/\/old.mederi-formation.fr\/index.php\/formateur\/pauline\/\">\n                                <div class=\"portrait-image-wrapper\">\n                                                                            <div class=\"portrait-image\">\n                                            <img loading=\"lazy\" decoding=\"async\" width=\"300\" height=\"300\" src=\"https:\/\/old.mederi-formation.fr\/wp-content\/uploads\/2023\/10\/20231011_080018-300x300.jpg\" class=\"attachment-portrait size-portrait wp-post-image\" alt=\"\" srcset=\"https:\/\/old.mederi-formation.fr\/wp-content\/uploads\/2023\/10\/20231011_080018-300x300.jpg 300w, https:\/\/old.mederi-formation.fr\/wp-content\/uploads\/2023\/10\/20231011_080018-1024x1024.jpg 1024w, https:\/\/old.mederi-formation.fr\/wp-content\/uploads\/2023\/10\/20231011_080018-150x150.jpg 150w, https:\/\/old.mederi-formation.fr\/wp-content\/uploads\/2023\/10\/20231011_080018-768x768.jpg 768w, https:\/\/old.mederi-formation.fr\/wp-content\/uploads\/2023\/10\/20231011_080018-1536x1536.jpg 1536w, https:\/\/old.mederi-formation.fr\/wp-content\/uploads\/2023\/10\/20231011_080018-2048x2048.jpg 2048w, https:\/\/old.mederi-formation.fr\/wp-content\/uploads\/2023\/10\/20231011_080018-75x75.jpg 75w, https:\/\/old.mederi-formation.fr\/wp-content\/uploads\/2023\/10\/20231011_080018-500x500.jpg 500w\" sizes=\"auto, (max-width: 300px) 100vw, 300px\" \/>                                        <\/div>\n                                                                    <\/div>\n                                <div class=\"portrait-circle\"><\/div>\n                            <\/a>\n                        <\/div>\n                                    \n\n\n<h4 class=\"wp-block-heading has-text-align-center\">CREPIN Pauline<\/h4>\n\n\n\n<p class=\"has-text-align-center item-job wp-block-paragraph\">Kin\u00e9sith\u00e9rapeute<\/p>\n<\/div>\n<\/div>\n\n\n\n<div class=\"wp-block-column is-layout-flow wp-block-column-is-layout-flow\">\n<div class=\"wp-block-group row-item has-global-padding is-layout-constrained wp-block-group-is-layout-constrained\">                \n                                            <div class=\"portrait has-top-left-circle-position is-clickable\" style=\"--circle-color:var(--wp--preset--color--tertiary)\">\n                            <a class=\"portait-inner\" href=\"https:\/\/old.mederi-formation.fr\/index.php\/formateur\/jacquemot-denis\/\">\n                                <div class=\"portrait-image-wrapper\">\n                                                                            <div class=\"portrait-image\">\n                                            <img loading=\"lazy\" decoding=\"async\" width=\"300\" height=\"300\" src=\"https:\/\/old.mederi-formation.fr\/wp-content\/uploads\/2023\/10\/Photographie-pro-DJ2-scaled-e1699605054197-300x300.jpg\" class=\"attachment-portrait size-portrait wp-post-image\" alt=\"\" srcset=\"https:\/\/old.mederi-formation.fr\/wp-content\/uploads\/2023\/10\/Photographie-pro-DJ2-scaled-e1699605054197-300x300.jpg 300w, https:\/\/old.mederi-formation.fr\/wp-content\/uploads\/2023\/10\/Photographie-pro-DJ2-scaled-e1699605054197-150x150.jpg 150w, https:\/\/old.mederi-formation.fr\/wp-content\/uploads\/2023\/10\/Photographie-pro-DJ2-scaled-e1699605054197-75x75.jpg 75w\" sizes=\"auto, (max-width: 300px) 100vw, 300px\" \/>                                        <\/div>\n                                                                    <\/div>\n                                <div class=\"portrait-circle\"><\/div>\n                            <\/a>\n                        <\/div>\n                                    \n\n\n<h4 class=\"wp-block-heading has-text-align-center\">JACQUEMOT Denis<\/h4>\n\n\n\n<p class=\"has-text-align-center item-job wp-block-paragraph\">Ergoth\u00e9rapeute<\/p>\n<\/div>\n<\/div>\n\n\n\n<div class=\"wp-block-column is-layout-flow wp-block-column-is-layout-flow\">\n<div class=\"wp-block-group row-item has-global-padding is-layout-constrained wp-block-group-is-layout-constrained\">                \n                                            <div class=\"portrait has-top-left-circle-position is-clickable\" style=\"--circle-color:var(--wp--preset--color--secondary)\">\n                            <a class=\"portait-inner\" href=\"https:\/\/old.mederi-formation.fr\/index.php\/formateur\/vincent-genod-dominique\/\">\n                                <div class=\"portrait-image-wrapper\">\n                                                                            <div class=\"portrait-image\">\n                                            <img loading=\"lazy\" decoding=\"async\" width=\"300\" height=\"300\" src=\"https:\/\/old.mederi-formation.fr\/wp-content\/uploads\/2023\/10\/image1-300x300.jpg\" class=\"attachment-portrait size-portrait wp-post-image\" alt=\"\" srcset=\"https:\/\/old.mederi-formation.fr\/wp-content\/uploads\/2023\/10\/image1-300x300.jpg 300w, https:\/\/old.mederi-formation.fr\/wp-content\/uploads\/2023\/10\/image1-150x150.jpg 150w, https:\/\/old.mederi-formation.fr\/wp-content\/uploads\/2023\/10\/image1-75x75.jpg 75w\" sizes=\"auto, (max-width: 300px) 100vw, 300px\" \/>                                        <\/div>\n                                                                    <\/div>\n                                <div class=\"portrait-circle\"><\/div>\n                            <\/a>\n                        <\/div>\n                                    \n\n\n<h4 class=\"wp-block-heading has-text-align-center\">VINCENT-GENOD Dominique<\/h4>\n\n\n\n<p class=\"has-text-align-center item-job wp-block-paragraph\">Kin\u00e9sith\u00e9rapeute<\/p>\n<\/div>\n<\/div>\n<\/div>\n<\/section>\n\n\n\n<section class=\"wp-block-group alignwide trainers--items has-global-padding is-layout-constrained wp-block-group-is-layout-constrained\">\n<div class=\"wp-block-columns items-row is-layout-flex wp-container-core-columns-is-layout-28f84493 wp-block-columns-is-layout-flex\">\n<div class=\"wp-block-column is-layout-flow wp-block-column-is-layout-flow\">\n<div class=\"wp-block-group row-item has-global-padding is-layout-constrained wp-block-group-is-layout-constrained\">                \n                                            <div class=\"portrait is-clickable\" style=\"--circle-color:var(--wp--preset--color--quinary)\">\n                            <a class=\"portait-inner\" href=\"https:\/\/old.mederi-formation.fr\/index.php\/formateur\/rachel\/\">\n                                <div class=\"portrait-image-wrapper\">\n                                                                            <div class=\"portrait-image\">\n                                            <img loading=\"lazy\" decoding=\"async\" width=\"300\" height=\"300\" src=\"https:\/\/old.mederi-formation.fr\/wp-content\/uploads\/2023\/10\/IMG_4708-300x300.jpeg\" class=\"attachment-portrait size-portrait wp-post-image\" alt=\"\" srcset=\"https:\/\/old.mederi-formation.fr\/wp-content\/uploads\/2023\/10\/IMG_4708-300x300.jpeg 300w, https:\/\/old.mederi-formation.fr\/wp-content\/uploads\/2023\/10\/IMG_4708-150x150.jpeg 150w, https:\/\/old.mederi-formation.fr\/wp-content\/uploads\/2023\/10\/IMG_4708-75x75.jpeg 75w\" sizes=\"auto, (max-width: 300px) 100vw, 300px\" \/>                                        <\/div>\n                                                                    <\/div>\n                                <div class=\"portrait-circle\"><\/div>\n                            <\/a>\n                        <\/div>\n                                    \n\n\n<h4 class=\"wp-block-heading has-text-align-center\">BARD-PONDARRE Rachel<\/h4>\n\n\n\n<p class=\"has-text-align-center item-job wp-block-paragraph\">Ergoth\u00e9rapeute<\/p>\n<\/div>\n<\/div>\n\n\n\n<div class=\"wp-block-column is-layout-flow wp-block-column-is-layout-flow\">\n<div class=\"wp-block-group row-item has-global-padding is-layout-constrained wp-block-group-is-layout-constrained\">                \n                                            <div class=\"portrait is-clickable\" style=\"--circle-color:var(--wp--preset--color--primary)\">\n                            <a class=\"portait-inner\" href=\"https:\/\/old.mederi-formation.fr\/index.php\/formateur\/rolle-perrine\/\">\n                                <div class=\"portrait-image-wrapper\">\n                                                                    <\/div>\n                                <div class=\"portrait-circle\"><\/div>\n                            <\/a>\n                        <\/div>\n                                    \n\n\n<h4 class=\"wp-block-heading has-text-align-center\">ROLLE Perrine<\/h4>\n\n\n\n<p class=\"has-text-align-center item-job wp-block-paragraph\">Kin\u00e9sith\u00e9rapeute<\/p>\n<\/div>\n<\/div>\n\n\n\n<div class=\"wp-block-column is-layout-flow wp-block-column-is-layout-flow\">\n<div class=\"wp-block-group row-item has-global-padding is-layout-constrained wp-block-group-is-layout-constrained\">                \n                                            <div class=\"portrait is-clickable\" style=\"--circle-color:var(--wp--preset--color--quinary)\">\n                            <a class=\"portait-inner\" href=\"https:\/\/old.mederi-formation.fr\/index.php\/formateur\/berruyer-anne\/\">\n                                <div class=\"portrait-image-wrapper\">\n                                                                    <\/div>\n                                <div class=\"portrait-circle\"><\/div>\n                            <\/a>\n                        <\/div>\n                                    \n\n\n<h4 class=\"wp-block-heading has-text-align-center\">BERRUYER Anne<\/h4>\n\n\n\n<p class=\"has-text-align-center item-job wp-block-paragraph\">Kin\u00e9sith\u00e9rapeute<\/p>\n<\/div>\n<\/div>\n<\/div>\n\n\n\n<div class=\"wp-block-columns items-row is-layout-flex wp-container-core-columns-is-layout-28f84493 wp-block-columns-is-layout-flex\">\n<div class=\"wp-block-column is-layout-flow wp-block-column-is-layout-flow\">\n<div class=\"wp-block-group row-item has-global-padding is-layout-constrained wp-block-group-is-layout-constrained\">                \n                                            <div class=\"portrait has-top-left-circle-position is-clickable\" style=\"--circle-color:var(--wp--preset--color--quinary)\">\n                            <a class=\"portait-inner\" href=\"https:\/\/old.mederi-formation.fr\/index.php\/formateur\/petit-jean-robert-anne\/\">\n                                <div class=\"portrait-image-wrapper\">\n                                                                            <div class=\"portrait-image\">\n                                            <img loading=\"lazy\" decoding=\"async\" width=\"300\" height=\"300\" src=\"https:\/\/old.mederi-formation.fr\/wp-content\/uploads\/2023\/10\/22-05-APR-300x300.jpeg\" class=\"attachment-portrait size-portrait wp-post-image\" alt=\"\" srcset=\"https:\/\/old.mederi-formation.fr\/wp-content\/uploads\/2023\/10\/22-05-APR-300x300.jpeg 300w, https:\/\/old.mederi-formation.fr\/wp-content\/uploads\/2023\/10\/22-05-APR-150x150.jpeg 150w, https:\/\/old.mederi-formation.fr\/wp-content\/uploads\/2023\/10\/22-05-APR-75x75.jpeg 75w\" sizes=\"auto, (max-width: 300px) 100vw, 300px\" \/>                                        <\/div>\n                                                                    <\/div>\n                                <div class=\"portrait-circle\"><\/div>\n                            <\/a>\n                        <\/div>\n                                    \n\n\n<h4 class=\"wp-block-heading has-text-align-center\">PETIT JEAN ROBERT Anne<\/h4>\n\n\n\n<p class=\"has-text-align-center item-job wp-block-paragraph\">Psychomotricienne<\/p>\n<\/div>\n<\/div>\n\n\n\n<div class=\"wp-block-column is-layout-flow wp-block-column-is-layout-flow\">\n<div class=\"wp-block-group row-item has-global-padding is-layout-constrained wp-block-group-is-layout-constrained\">                \n                                            <div class=\"portrait is-clickable\" style=\"--circle-color:var(--wp--preset--color--primary)\">\n                            <a class=\"portait-inner\" href=\"https:\/\/old.mederi-formation.fr\/index.php\/formateur\/belmonti-vittorio\/\">\n                                <div class=\"portrait-image-wrapper\">\n                                                                    <\/div>\n                                <div class=\"portrait-circle\"><\/div>\n                            <\/a>\n                        <\/div>\n                                    \n\n\n<h4 class=\"wp-block-heading has-text-align-center\">BELMONTI Vittorio<\/h4>\n\n\n\n<p class=\"has-text-align-center item-job wp-block-paragraph\">M\u00e9decin neurop\u00e9diatre, p\u00e9dopsychiatre<\/p>\n<\/div>\n<\/div>\n\n\n\n<div class=\"wp-block-column is-layout-flow wp-block-column-is-layout-flow\">\n<div class=\"wp-block-group row-item has-global-padding is-layout-constrained wp-block-group-is-layout-constrained\">                \n                                            <div class=\"portrait is-clickable\" style=\"--circle-color:var(--wp--preset--color--primary)\">\n                            <a class=\"portait-inner\" href=\"https:\/\/old.mederi-formation.fr\/index.php\/formateur\/lucie-dupeux\/\">\n                                <div class=\"portrait-image-wrapper\">\n                                                                            <div class=\"portrait-image\">\n                                            <img loading=\"lazy\" decoding=\"async\" width=\"239\" height=\"264\" src=\"https:\/\/old.mederi-formation.fr\/wp-content\/uploads\/2023\/10\/unnamed.jpg\" class=\"attachment-portrait size-portrait wp-post-image\" alt=\"\" \/>                                        <\/div>\n                                                                    <\/div>\n                                <div class=\"portrait-circle\"><\/div>\n                            <\/a>\n                        <\/div>\n                                    \n\n\n<h4 class=\"wp-block-heading has-text-align-center\">DUPEUX Lucie<\/h4>\n\n\n\n<p class=\"has-text-align-center item-job wp-block-paragraph\">Kin\u00e9sith\u00e9rapeute<\/p>\n<\/div>\n<\/div>\n<\/div>\n<\/section>\n\n\n\n<div class=\"wp-block-group has-global-padding is-layout-constrained wp-block-group-is-layout-constrained\">\n<section class=\"wp-block-group alignwide trainers--items has-global-padding is-layout-constrained wp-block-group-is-layout-constrained\">\n<div class=\"wp-block-columns items-row is-layout-flex wp-container-core-columns-is-layout-28f84493 wp-block-columns-is-layout-flex\">\n<div class=\"wp-block-column is-layout-flow wp-block-column-is-layout-flow\">\n<div class=\"wp-block-group row-item has-global-padding is-layout-constrained wp-block-group-is-layout-constrained\">                \n                                            <div class=\"portrait is-clickable\" style=\"--circle-color:var(--wp--preset--color--quinary)\">\n                            <a class=\"portait-inner\" href=\"https:\/\/old.mederi-formation.fr\/index.php\/formateur\/allison\/\">\n                                <div class=\"portrait-image-wrapper\">\n                                                                            <div class=\"portrait-image\">\n                                            <img loading=\"lazy\" decoding=\"async\" width=\"300\" height=\"300\" src=\"https:\/\/old.mederi-formation.fr\/wp-content\/uploads\/2023\/10\/image01-300x300.jpeg\" class=\"attachment-portrait size-portrait wp-post-image\" alt=\"\" srcset=\"https:\/\/old.mederi-formation.fr\/wp-content\/uploads\/2023\/10\/image01-300x300.jpeg 300w, https:\/\/old.mederi-formation.fr\/wp-content\/uploads\/2023\/10\/image01-150x150.jpeg 150w, https:\/\/old.mederi-formation.fr\/wp-content\/uploads\/2023\/10\/image01-75x75.jpeg 75w\" sizes=\"auto, (max-width: 300px) 100vw, 300px\" \/>                                        <\/div>\n                                                                    <\/div>\n                                <div class=\"portrait-circle\"><\/div>\n                            <\/a>\n                        <\/div>\n                                    \n\n\n<h4 class=\"wp-block-heading has-text-align-center\">RICAUD Allison<\/h4>\n\n\n\n<p class=\"has-text-align-center item-job wp-block-paragraph\">Orthophoniste<\/p>\n<\/div>\n<\/div>\n<\/div>\n<\/section>\n<\/div>\n\n\n\n<div class=\"staggered\"><div class=\"staggered-inner\"><\/div><\/div>\n","protected":false},"excerpt":{"rendered":"<p>Nos formateur.ices Engag\u00e9\u00b7es dans l\u2019am\u00e9lioration des pratiques,elles et ils cherchent \u00e0 \u00e9changer sur les sujetsqui les passionnent. Vous aussi ? Venez les rencontrer ! BERNARD Marjorie Kin\u00e9sith\u00e9rapeute JOURGET Anne Kin\u00e9sith\u00e9rapeute BERTRAND Guillaume Kin\u00e9sith\u00e9rapeute CREPIN Pauline Kin\u00e9sith\u00e9rapeute JACQUEMOT Denis Ergoth\u00e9rapeute VINCENT-GENOD Dominique Kin\u00e9sith\u00e9rapeute BARD-PONDARRE Rachel Ergoth\u00e9rapeute ROLLE Perrine Kin\u00e9sith\u00e9rapeute BERRUYER Anne Kin\u00e9sith\u00e9rapeute PETIT JEAN ROBERT Anne [&hellip;]<\/p>\n","protected":false},"author":1,"featured_media":0,"parent":0,"menu_order":0,"comment_status":"closed","ping_status":"closed","template":"","meta":{"footnotes":""},"class_list":["post-420","page","type-page","status-publish","hentry"],"acf":[],"_links":{"self":[{"href":"https:\/\/old.mederi-formation.fr\/index.php\/wp-json\/wp\/v2\/pages\/420","targetHints":{"allow":["GET"]}}],"collection":[{"href":"https:\/\/old.mederi-formation.fr\/index.php\/wp-json\/wp\/v2\/pages"}],"about":[{"href":"https:\/\/old.mederi-formation.fr\/index.php\/wp-json\/wp\/v2\/types\/page"}],"author":[{"embeddable":true,"href":"https:\/\/old.mederi-formation.fr\/index.php\/wp-json\/wp\/v2\/users\/1"}],"replies":[{"embeddable":true,"href":"https:\/\/old.mederi-formation.fr\/index.php\/wp-json\/wp\/v2\/comments?post=420"}],"version-history":[{"count":9,"href":"https:\/\/old.mederi-formation.fr\/index.php\/wp-json\/wp\/v2\/pages\/420\/revisions"}],"predecessor-version":[{"id":589,"href":"https:\/\/old.mederi-formation.fr\/index.php\/wp-json\/wp\/v2\/pages\/420\/revisions\/589"}],"wp:attachment":[{"href":"https:\/\/old.mederi-formation.fr\/index.php\/wp-json\/wp\/v2\/media?parent=420"}],"curies":[{"name":"wp","href":"https:\/\/api.w.org\/{rel}","templated":true}]}}