{"id":236,"date":"2023-10-21T14:43:31","date_gmt":"2023-10-21T12:43:31","guid":{"rendered":"https:\/\/old.mederi-formation.fr\/?page_id=236"},"modified":"2024-03-13T17:37:50","modified_gmt":"2024-03-13T16:37:50","slug":"accueil","status":"publish","type":"page","link":"https:\/\/old.mederi-formation.fr\/","title":{"rendered":"Accueil"},"content":{"rendered":"\n<section class=\"wp-block-group alignwide home--hero is-layout-flow wp-block-group-is-layout-flow\">\n<div class=\"wp-block-cover-container\"><div class=\"wp-block-cover has-custom-content-position is-position-bottom-left\"><span aria-hidden=\"true\" class=\"wp-block-cover__background has-tertiary-pastel-background-color has-background-dim-30 has-background-dim\"><\/span><img loading=\"lazy\" decoding=\"async\" width=\"1600\" height=\"1066\" class=\"wp-block-cover__image-background wp-image-244\" alt=\"\" src=\"https:\/\/old.mederi-formation.fr\/wp-content\/uploads\/2023\/10\/IMG-20230405-WA00051.jpg\" data-object-fit=\"cover\" srcset=\"https:\/\/old.mederi-formation.fr\/wp-content\/uploads\/2023\/10\/IMG-20230405-WA00051.jpg 1600w, https:\/\/old.mederi-formation.fr\/wp-content\/uploads\/2023\/10\/IMG-20230405-WA00051-300x200.jpg 300w, https:\/\/old.mederi-formation.fr\/wp-content\/uploads\/2023\/10\/IMG-20230405-WA00051-1024x682.jpg 1024w, https:\/\/old.mederi-formation.fr\/wp-content\/uploads\/2023\/10\/IMG-20230405-WA00051-768x512.jpg 768w, https:\/\/old.mederi-formation.fr\/wp-content\/uploads\/2023\/10\/IMG-20230405-WA00051-1536x1023.jpg 1536w, https:\/\/old.mederi-formation.fr\/wp-content\/uploads\/2023\/10\/IMG-20230405-WA00051-500x333.jpg 500w\" sizes=\"auto, (max-width: 1600px) 100vw, 1600px\" \/><div class=\"wp-block-cover__inner-container has-global-padding is-layout-constrained wp-block-cover-is-layout-constrained\">\n<h1 class=\"wp-block-heading\">mederi <br>formation<\/h1>\n<\/div><\/div><div class=\"cover-background\"><\/div><\/div>\n<\/section>\n\n\n\n<section class=\"wp-block-group home--presentation is-layout-flow wp-block-group-is-layout-flow\">\n<div class=\"wp-block-columns is-layout-flex wp-container-core-columns-is-layout-28f84493 wp-block-columns-is-layout-flex\">\n<div class=\"wp-block-column is-layout-flow wp-block-column-is-layout-flow\" style=\"flex-basis:60%\">\n<p class=\"has-medium-font-size wp-block-paragraph\">Mederi, \u00ab\u00a0prendre soin\u00a0\u00bb des professionnel.les qui prennent soin des autres.<\/p>\n\n\n\n<p class=\"has-medium-font-size wp-block-paragraph\">Formations coop\u00e9ratives et bienveillantes \u00e0 destination des professionnel.les de sant\u00e9 et de la petite enfance. <\/p>\n\n\n\n<p class=\"wp-block-paragraph\"><\/p>\n<\/div>\n\n\n\n<div class=\"wp-block-column is-layout-flow wp-block-column-is-layout-flow\"><\/div>\n<\/div>\n\n\n\n<div style=\"height:3px\" aria-hidden=\"true\" class=\"wp-block-spacer\"><\/div>\n\n\n\n<div class=\"wp-block-buttons is-layout-flex wp-block-buttons-is-layout-flex\">\n<div class=\"wp-block-button is-style-outline has-fill-shadow is-style-outline--1\"><a class=\"wp-block-button__link wp-element-button\" href=\"https:\/\/old.mederi-formation.fr\/index.php\/nos-formations\/\">Toutes nos formations<\/a><\/div>\n<\/div>\n<\/section>\n\n\n\n<section class=\"wp-block-group alignwide home--trainings has-global-padding is-layout-constrained wp-block-group-is-layout-constrained\" style=\"margin-top:6.2rem\">\n<h2 class=\"wp-block-heading\">Prochaines formations<\/h2>\n\n\n\n<div class=\"wp-block-group alignwide is-layout-flow wp-block-group-is-layout-flow\">\n<p class=\"has-text-align-center wp-block-paragraph\"><\/p>\n\n\n\n<div class=\"wp-block-query swiper is-layout-flow wp-block-query-is-layout-flow\">\n\n<div class=\"wp-block-query-no-results\">\n\n<p class=\"wp-block-paragraph\"><\/p>\n\n<\/div><\/div>\n<\/div>\n\n\n\n<div style=\"height:5px\" aria-hidden=\"true\" class=\"wp-block-spacer\"><\/div>\n\n\n\n<div class=\"wp-block-buttons is-content-justification-center is-layout-flex wp-container-core-buttons-is-layout-a89b3969 wp-block-buttons-is-layout-flex\">\n<div class=\"wp-block-button is-style-fill\" style=\"--shadow-color:var(--wp--preset--color--tertiary)\"><a class=\"wp-block-button__link has-tertiary-background-color has-background wp-element-button\" href=\"https:\/\/old.mederi-formation.fr\/index.php\/nos-formations\/\">S\u2019inscrire \u00e0 une formation<\/a><\/div>\n<\/div>\n<\/section>\n\n\n\n<section class=\"wp-block-group alignwide home--valeurs has-braces is-layout-flow wp-block-group-is-layout-flow\" style=\"margin-top:6.2rem;--braces-color:var(--wp--preset--color--secondary)\">\n<h2 class=\"wp-block-heading\">Notre collectif et nos valeurs<\/h2>\n\n\n\n<div style=\"height:26px\" aria-hidden=\"true\" class=\"wp-block-spacer\"><\/div>\n\n\n\n<div class=\"wp-block-columns is-layout-flex wp-container-core-columns-is-layout-28f84493 wp-block-columns-is-layout-flex\">\n<div class=\"wp-block-column is-layout-flow wp-block-column-is-layout-flow\">\n<div class=\"wp-block-group has-global-padding is-layout-constrained wp-block-group-is-layout-constrained\">\n<div class=\"ideogramme is-type-cooperation\" style=\"--inner-width:100%\"><div class=\"ideogramme-inner\"><svg viewBox=\"0 0 310 177.07\" class=\"circle-left\"><path d=\"m68.75,54.72c30.74,0,55.75,25.01,55.75,55.75s-25.01,55.75-55.75,55.75-55.75-25.01-55.75-55.75,25.01-55.75,55.75-55.75m0-8c-35.21,0-63.75,28.54-63.75,63.75s28.54,63.75,63.75,63.75,63.75-28.54,63.75-63.75-28.54-63.75-63.75-63.75h0Z\"><\/path><\/svg><svg viewBox=\"0 0 310 177.07\" class=\"circle-right\"><path d=\"m241.25,43.5c30.74,0,55.75,25.01,55.75,55.75s-25.01,55.75-55.75,55.75-55.75-25.01-55.75-55.75,25.01-55.75,55.75-55.75m0-8c-35.21,0-63.75,28.54-63.75,63.75s28.54,63.75,63.75,63.75,63.75-28.54,63.75-63.75-28.54-63.75-63.75-63.75h0Z\"><\/path><\/svg><svg viewBox=\"0 0 310 177.07\" class=\"circle-center\"><path d=\"m155,10.86c30.74,0,55.75,25.01,55.75,55.75s-25.01,55.75-55.75,55.75-55.75-25.01-55.75-55.75,25.01-55.75,55.75-55.75m0-8c-35.21,0-63.75,28.54-63.75,63.75s28.54,63.75,63.75,63.75,63.75-28.54,63.75-63.75S190.21,2.86,155,2.86h0Z\"><\/path><\/svg><\/div><\/div>\n\n\n\n<h4 class=\"wp-block-heading has-text-align-center has-xsmall-font-size\">Coop\u00e9ration<\/h4>\n<\/div>\n<\/div>\n\n\n\n<div class=\"wp-block-column is-layout-flow wp-block-column-is-layout-flow\">\n<div class=\"wp-block-group has-global-padding is-layout-constrained wp-block-group-is-layout-constrained\">\n<div class=\"ideogramme is-type-confiance\" style=\"--inner-width:100%\"><div class=\"ideogramme-inner\"><svg viewBox=\"0 0 310 177.07\" class=\"circle\"><path d=\"m155,54.65c30.78,0,55.82,25.04,55.82,55.82s-25.04,55.82-55.82,55.82-55.82-25.04-55.82-55.82,25.04-55.82,55.82-55.82m0-8c-35.25,0-63.82,28.57-63.82,63.82s28.57,63.82,63.82,63.82,63.82-28.57,63.82-63.82-28.57-63.82-63.82-63.82h0Z\"><\/path><\/svg><svg viewBox=\"0 0 310 177.07\" class=\"check\"><polyline points=\"183.12 102.22 144.15 124.72 132.88 105.21\"><\/polyline><\/svg><\/div><\/div>\n\n\n\n<h4 class=\"wp-block-heading has-text-align-center has-xsmall-font-size\">Confiance<\/h4>\n<\/div>\n<\/div>\n\n\n\n<div class=\"wp-block-column is-layout-flow wp-block-column-is-layout-flow\">\n<div class=\"wp-block-group has-global-padding is-layout-constrained wp-block-group-is-layout-constrained\">\n<div class=\"ideogramme is-type-bienveillance\" style=\"--inner-width:100%\"><div class=\"ideogramme-inner\"><svg viewBox=\"0 0 310 200\" class=\"cricle\"><path d=\"m155,43.54c30.78,0,55.82,25.04,55.82,55.82s-25.04,55.82-55.82,55.82-55.82-25.04-55.82-55.82,25.04-55.82,55.82-55.82m0-8c-35.25,0-63.82,28.57-63.82,63.82s28.57,63.82,63.82,63.82,63.82-28.57,63.82-63.82-28.57-63.82-63.82-63.82h0Z\"><\/path><\/svg><svg viewBox=\"0 0 310 200\" class=\"rayon-1\"><line x1=\"155\" y1=\"25.38\" x2=\"155\" y2=\"2.86\"><\/line><line x1=\"81.02\" y1=\"99.36\" x2=\"58.5\" y2=\"99.36\"><\/line><line x1=\"155\" y1=\"173.33\" x2=\"155\" y2=\"195.86\"><\/line><line x1=\"228.98\" y1=\"99.36\" x2=\"251.5\" y2=\"99.36\"><\/line><\/svg><svg viewBox=\"0 0 310 200\" class=\"rayon-2\"><line x1=\"118.01\" y1=\"35.29\" x2=\"106.75\" y2=\"15.78\"><\/line><line x1=\"90.93\" y1=\"136.34\" x2=\"71.43\" y2=\"147.61\"><\/line><line x1=\"191.99\" y1=\"163.42\" x2=\"203.25\" y2=\"182.93\"><\/line><line x1=\"219.07\" y1=\"62.37\" x2=\"238.57\" y2=\"51.11\"><\/line><\/svg><svg viewBox=\"0 0 310 200\" class=\"rayon-3\"><line x1=\"90.93\" y1=\"62.37\" x2=\"71.43\" y2=\"51.11\"><\/line><line x1=\"118.01\" y1=\"163.42\" x2=\"106.75\" y2=\"182.93\"><\/line><line x1=\"219.07\" y1=\"136.34\" x2=\"238.57\" y2=\"147.61\"><\/line><line x1=\"191.99\" y1=\"35.29\" x2=\"203.25\" y2=\"15.78\"><\/line><\/svg><\/div><\/div>\n\n\n\n<h4 class=\"wp-block-heading has-text-align-center has-xsmall-font-size\">Bienvaillance<\/h4>\n<\/div>\n<\/div>\n\n\n\n<div class=\"wp-block-column is-layout-flow wp-block-column-is-layout-flow\">\n<div class=\"wp-block-group has-global-padding is-layout-constrained wp-block-group-is-layout-constrained\">\n<div class=\"ideogramme is-type-non-dogmatisme\" style=\"--inner-width:100%\"><div class=\"ideogramme-inner\"><svg viewBox=\"0 0 310 177.07\" class=\"dialog-left\"><path d=\"m107.49,46.9c30.74,0,55.75,25.01,55.75,55.75s-25.01,55.75-55.75,55.75c-2.57,0-5.23-.19-7.88-.57l-2.16-.31-2.02.84-13.19,5.47-5.43-13.11-.84-2.03-1.76-1.32c-14.27-10.64-22.45-26.94-22.45-44.72,0-30.74,25.01-55.75,55.75-55.75m0-8c-35.21,0-63.75,28.54-63.75,63.75,0,20.93,10.09,39.51,25.67,51.13l8.49,20.5,20.59-8.53c2.94.42,5.95.65,9,.65,35.21,0,63.75-28.54,63.75-63.75s-28.54-63.75-63.75-63.75h0Z\"><\/path><\/svg><svg viewBox=\"0 0 310 177.07\" class=\"dialog-right\"><path d=\"m198.75,10.86c30.74,0,55.75,25.01,55.75,55.75,0,17.77-8.18,34.07-22.45,44.72l-1.76,1.32-.84,2.03-5.43,13.11-13.19-5.47-2.02-.84-2.16.31c-2.66.38-5.31.57-7.88.57-30.74,0-55.75-25.01-55.75-55.75s25.01-55.75,55.75-55.75m0-8c-35.21,0-63.75,28.54-63.75,63.75s28.54,63.75,63.75,63.75c3.06,0,6.06-.23,9-.65l20.59,8.53,8.49-20.5c15.58-11.62,25.67-30.2,25.67-51.13,0-35.21-28.54-63.75-63.75-63.75h0Z\"><\/path><\/svg><\/div><\/div>\n\n\n\n<h4 class=\"wp-block-heading has-text-align-center has-xsmall-font-size\">Non-dogmatisme<\/h4>\n<\/div>\n<\/div>\n\n\n\n<div class=\"wp-block-column is-layout-flow wp-block-column-is-layout-flow\">\n<div class=\"wp-block-group has-global-padding is-layout-constrained wp-block-group-is-layout-constrained\">\n<div class=\"ideogramme is-type-plaisir\" style=\"--inner-width:100%\"><div class=\"ideogramme-inner\"><svg viewBox=\"0 0 310 177.07\" class=\"circle\"><path d=\"m155,54.65c30.78,0,55.82,25.04,55.82,55.82s-25.04,55.82-55.82,55.82-55.82-25.04-55.82-55.82,25.04-55.82,55.82-55.82m0-8c-35.25,0-63.82,28.57-63.82,63.82s28.57,63.82,63.82,63.82,63.82-28.57,63.82-63.82-28.57-63.82-63.82-63.82h0Z\"><\/path><\/svg><svg viewBox=\"0 0 310 177.07\" class=\"mouth\"><path d=\"m125,114.47c0,16.57,13.43,30,30,30s30-13.43,30-30h-60Z\"><\/path><\/svg><\/div><\/div>\n\n\n\n<h4 class=\"wp-block-heading has-text-align-center has-xsmall-font-size\">Plaisir<\/h4>\n<\/div>\n<\/div>\n<\/div>\n\n\n\n<div style=\"height:26px\" aria-hidden=\"true\" class=\"wp-block-spacer\"><\/div>\n\n\n\n<div class=\"wp-block-buttons is-content-justification-center is-layout-flex wp-container-core-buttons-is-layout-a89b3969 wp-block-buttons-is-layout-flex\">\n<div class=\"wp-block-button is-style-outline has-fill-shadow is-style-outline--2\"><a class=\"wp-block-button__link has-tertiary-pastel-background-color has-background wp-element-button\" href=\"https:\/\/old.mederi-formation.fr\/index.php\/formations-cooperatives-et-bienveillantes\/\">Nos engagements<\/a><\/div>\n<\/div>\n<\/section>\n","protected":false},"excerpt":{"rendered":"<p>Mederi, \u00ab\u00a0prendre soin\u00a0\u00bb des professionnel.les qui prennent soin des autres. Formations coop\u00e9ratives et bienveillantes \u00e0 destination des professionnel.les de sant\u00e9 et de la petite enfance. Prochaines formations Notre collectif et nos valeurs Coop\u00e9ration Confiance Bienvaillance Non-dogmatisme Plaisir<\/p>\n","protected":false},"author":1,"featured_media":0,"parent":0,"menu_order":0,"comment_status":"closed","ping_status":"closed","template":"","meta":{"footnotes":""},"class_list":["post-236","page","type-page","status-publish","hentry"],"acf":[],"_links":{"self":[{"href":"https:\/\/old.mederi-formation.fr\/index.php\/wp-json\/wp\/v2\/pages\/236","targetHints":{"allow":["GET"]}}],"collection":[{"href":"https:\/\/old.mederi-formation.fr\/index.php\/wp-json\/wp\/v2\/pages"}],"about":[{"href":"https:\/\/old.mederi-formation.fr\/index.php\/wp-json\/wp\/v2\/types\/page"}],"author":[{"embeddable":true,"href":"https:\/\/old.mederi-formation.fr\/index.php\/wp-json\/wp\/v2\/users\/1"}],"replies":[{"embeddable":true,"href":"https:\/\/old.mederi-formation.fr\/index.php\/wp-json\/wp\/v2\/comments?post=236"}],"version-history":[{"count":12,"href":"https:\/\/old.mederi-formation.fr\/index.php\/wp-json\/wp\/v2\/pages\/236\/revisions"}],"predecessor-version":[{"id":684,"href":"https:\/\/old.mederi-formation.fr\/index.php\/wp-json\/wp\/v2\/pages\/236\/revisions\/684"}],"wp:attachment":[{"href":"https:\/\/old.mederi-formation.fr\/index.php\/wp-json\/wp\/v2\/media?parent=236"}],"curies":[{"name":"wp","href":"https:\/\/api.w.org\/{rel}","templated":true}]}}