{"id":141,"date":"2023-10-10T21:26:20","date_gmt":"2023-10-10T19:26:20","guid":{"rendered":"https:\/\/old.mederi-formation.fr\/?page_id=141"},"modified":"2024-01-31T14:49:42","modified_gmt":"2024-01-31T13:49:42","slug":"formations-cooperatives-et-bienveillantes","status":"publish","type":"page","link":"https:\/\/old.mederi-formation.fr\/index.php\/formations-cooperatives-et-bienveillantes\/","title":{"rendered":"Notre collectif"},"content":{"rendered":"\n<section class=\"wp-block-group collectif--keys has-global-padding is-layout-constrained wp-block-group-is-layout-constrained\">\n<div class=\"wp-block-heading-bubble-wrapper\" style=\"--bubble-color:var(--wp--preset--color--secondary-pastel)\"><h1 class=\"wp-block-heading\">Formations coop\u00e9ratives et bienveillantes<\/h1><div class=\"heading-bubble\"><span class=\"bubble-inner\"><\/span><\/div><\/div>\n<\/section>\n\n\n\n<section class=\"wp-block-group alignwide collectif--title is-layout-flow wp-block-group-is-layout-flow\">\n<div class=\"staggered\"><div class=\"staggered-inner\">\n<div class=\"staggered-row row-top\"><div class=\"row-inner\">\n<div class=\"staggered-column\"><div class=\"column-inner\">\n<div class=\"wp-block-group key has-global-padding is-layout-constrained wp-block-group-is-layout-constrained\">\n<div class=\"ideogramme is-type-cooperation\" style=\"--inner-width:100%\"><div class=\"ideogramme-inner\"><svg viewBox=\"0 0 310 177.07\" class=\"circle-left\"><path d=\"m68.75,54.72c30.74,0,55.75,25.01,55.75,55.75s-25.01,55.75-55.75,55.75-55.75-25.01-55.75-55.75,25.01-55.75,55.75-55.75m0-8c-35.21,0-63.75,28.54-63.75,63.75s28.54,63.75,63.75,63.75,63.75-28.54,63.75-63.75-28.54-63.75-63.75-63.75h0Z\"><\/path><\/svg><svg viewBox=\"0 0 310 177.07\" class=\"circle-right\"><path d=\"m241.25,43.5c30.74,0,55.75,25.01,55.75,55.75s-25.01,55.75-55.75,55.75-55.75-25.01-55.75-55.75,25.01-55.75,55.75-55.75m0-8c-35.21,0-63.75,28.54-63.75,63.75s28.54,63.75,63.75,63.75,63.75-28.54,63.75-63.75-28.54-63.75-63.75-63.75h0Z\"><\/path><\/svg><svg viewBox=\"0 0 310 177.07\" class=\"circle-center\"><path d=\"m155,10.86c30.74,0,55.75,25.01,55.75,55.75s-25.01,55.75-55.75,55.75-55.75-25.01-55.75-55.75,25.01-55.75,55.75-55.75m0-8c-35.21,0-63.75,28.54-63.75,63.75s28.54,63.75,63.75,63.75,63.75-28.54,63.75-63.75S190.21,2.86,155,2.86h0Z\"><\/path><\/svg><\/div><\/div>\n\n\n\n<h4 class=\"wp-block-heading has-text-align-center\">Coop\u00e9ration<\/h4>\n\n\n\n<p class=\"wp-block-paragraph\">La p\u00e9dagogie horizontale et le questionnement font la part belle aux \u00e9changes. Nous pensons que la coop\u00e9ration et le regard des pairs sont indispensables \u00e0 l&rsquo;enrichissement des pratiques.<br>Chaque acteur est une valeur ajout\u00e9e.<\/p>\n<\/div>\n<\/div><\/div>\n\n\n\n<div class=\"staggered-column\"><div class=\"column-inner\">\n<div class=\"wp-block-group key has-global-padding is-layout-constrained wp-block-group-is-layout-constrained\">\n<div class=\"ideogramme is-type-confiance\" style=\"--inner-width:100%\"><div class=\"ideogramme-inner\"><svg viewBox=\"0 0 310 177.07\" class=\"circle\"><path d=\"m155,54.65c30.78,0,55.82,25.04,55.82,55.82s-25.04,55.82-55.82,55.82-55.82-25.04-55.82-55.82,25.04-55.82,55.82-55.82m0-8c-35.25,0-63.82,28.57-63.82,63.82s28.57,63.82,63.82,63.82,63.82-28.57,63.82-63.82-28.57-63.82-63.82-63.82h0Z\"><\/path><\/svg><svg viewBox=\"0 0 310 177.07\" class=\"check\"><polyline points=\"183.12 102.22 144.15 124.72 132.88 105.21\"><\/polyline><\/svg><\/div><\/div>\n\n\n\n<h4 class=\"wp-block-heading has-text-align-center\">Confiance<\/h4>\n\n\n\n<p class=\"wp-block-paragraph\">Pour une coop\u00e9ration optimale, un cercle vertueux doit se construire entre tous.tes les acteur.ices. Pour cela il est n\u00e9cessaire que chacun.e puisse se fier aux un.es et aux autres et se fasse confiance dans les interactions : les co-fondateur.ices, les formateur.ices et les participant.e.s.<\/p>\n<\/div>\n<\/div><\/div>\n\n\n\n<div class=\"staggered-column\"><div class=\"column-inner\">\n<div class=\"wp-block-group key has-global-padding is-layout-constrained wp-block-group-is-layout-constrained\">\n<div class=\"ideogramme is-type-bienveillance\" style=\"--inner-width:100%\"><div class=\"ideogramme-inner\"><svg viewBox=\"0 0 310 200\" class=\"cricle\"><path d=\"m155,43.54c30.78,0,55.82,25.04,55.82,55.82s-25.04,55.82-55.82,55.82-55.82-25.04-55.82-55.82,25.04-55.82,55.82-55.82m0-8c-35.25,0-63.82,28.57-63.82,63.82s28.57,63.82,63.82,63.82,63.82-28.57,63.82-63.82-28.57-63.82-63.82-63.82h0Z\"><\/path><\/svg><svg viewBox=\"0 0 310 200\" class=\"rayon-1\"><line x1=\"155\" y1=\"25.38\" x2=\"155\" y2=\"2.86\"><\/line><line x1=\"81.02\" y1=\"99.36\" x2=\"58.5\" y2=\"99.36\"><\/line><line x1=\"155\" y1=\"173.33\" x2=\"155\" y2=\"195.86\"><\/line><line x1=\"228.98\" y1=\"99.36\" x2=\"251.5\" y2=\"99.36\"><\/line><\/svg><svg viewBox=\"0 0 310 200\" class=\"rayon-2\"><line x1=\"118.01\" y1=\"35.29\" x2=\"106.75\" y2=\"15.78\"><\/line><line x1=\"90.93\" y1=\"136.34\" x2=\"71.43\" y2=\"147.61\"><\/line><line x1=\"191.99\" y1=\"163.42\" x2=\"203.25\" y2=\"182.93\"><\/line><line x1=\"219.07\" y1=\"62.37\" x2=\"238.57\" y2=\"51.11\"><\/line><\/svg><svg viewBox=\"0 0 310 200\" class=\"rayon-3\"><line x1=\"90.93\" y1=\"62.37\" x2=\"71.43\" y2=\"51.11\"><\/line><line x1=\"118.01\" y1=\"163.42\" x2=\"106.75\" y2=\"182.93\"><\/line><line x1=\"219.07\" y1=\"136.34\" x2=\"238.57\" y2=\"147.61\"><\/line><line x1=\"191.99\" y1=\"35.29\" x2=\"203.25\" y2=\"15.78\"><\/line><\/svg><\/div><\/div>\n\n\n\n<h4 class=\"wp-block-heading has-text-align-center\">Bienveillance<\/h4>\n\n\n\n<p class=\"wp-block-paragraph\">Nos formateur\u00b7ices sont garant\u00b7es d&rsquo;une atmosph\u00e8re bienveillante, s\u00e9curisante et valorisante pour que chacun\u00b7e trouve sa place et profite pleinement des \u00e9changes pendant le temps de formation.<\/p>\n<\/div>\n<\/div><\/div>\n<\/div><\/div>\n\n\n\n<div class=\"staggered-row row-bottom\"><div class=\"row-inner\">\n<div class=\"staggered-column\"><div class=\"column-inner\">\n<div class=\"wp-block-group key has-global-padding is-layout-constrained wp-block-group-is-layout-constrained\">\n<div class=\"ideogramme is-type-non-dogmatisme\" style=\"--inner-width:100%\"><div class=\"ideogramme-inner\"><svg viewBox=\"0 0 310 177.07\" class=\"dialog-left\"><path d=\"m107.49,46.9c30.74,0,55.75,25.01,55.75,55.75s-25.01,55.75-55.75,55.75c-2.57,0-5.23-.19-7.88-.57l-2.16-.31-2.02.84-13.19,5.47-5.43-13.11-.84-2.03-1.76-1.32c-14.27-10.64-22.45-26.94-22.45-44.72,0-30.74,25.01-55.75,55.75-55.75m0-8c-35.21,0-63.75,28.54-63.75,63.75,0,20.93,10.09,39.51,25.67,51.13l8.49,20.5,20.59-8.53c2.94.42,5.95.65,9,.65,35.21,0,63.75-28.54,63.75-63.75s-28.54-63.75-63.75-63.75h0Z\"><\/path><\/svg><svg viewBox=\"0 0 310 177.07\" class=\"dialog-right\"><path d=\"m198.75,10.86c30.74,0,55.75,25.01,55.75,55.75,0,17.77-8.18,34.07-22.45,44.72l-1.76,1.32-.84,2.03-5.43,13.11-13.19-5.47-2.02-.84-2.16.31c-2.66.38-5.31.57-7.88.57-30.74,0-55.75-25.01-55.75-55.75s25.01-55.75,55.75-55.75m0-8c-35.21,0-63.75,28.54-63.75,63.75s28.54,63.75,63.75,63.75c3.06,0,6.06-.23,9-.65l20.59,8.53,8.49-20.5c15.58-11.62,25.67-30.2,25.67-51.13,0-35.21-28.54-63.75-63.75-63.75h0Z\"><\/path><\/svg><\/div><\/div>\n\n\n\n<h4 class=\"wp-block-heading has-text-align-center\">Non-dogmatisme<\/h4>\n\n\n\n<p class=\"wp-block-paragraph\">Mederi est un collectif de formateur.ices qui a \u00e0 coeur de proposer aux professionnel.les de sant\u00e9 et de la petite enfance des formations originales. <\/p>\n\n\n\n<p class=\"wp-block-paragraph\">Elles sont construites autour de contenus non dogmatiques et bas\u00e9es sur la richesse des exp\u00e9riences cliniques de nos formateur.ices et des participant.es. <\/p>\n<\/div>\n<\/div><\/div>\n\n\n\n<div class=\"staggered-column\"><div class=\"column-inner\">\n<div class=\"wp-block-group key has-global-padding is-layout-constrained wp-block-group-is-layout-constrained\">\n<div class=\"ideogramme is-type-plaisir\" style=\"--inner-width:100%\"><div class=\"ideogramme-inner\"><svg viewBox=\"0 0 310 177.07\" class=\"circle\"><path d=\"m155,54.65c30.78,0,55.82,25.04,55.82,55.82s-25.04,55.82-55.82,55.82-55.82-25.04-55.82-55.82,25.04-55.82,55.82-55.82m0-8c-35.25,0-63.82,28.57-63.82,63.82s28.57,63.82,63.82,63.82,63.82-28.57,63.82-63.82-28.57-63.82-63.82-63.82h0Z\"><\/path><\/svg><svg viewBox=\"0 0 310 177.07\" class=\"mouth\"><path d=\"m125,114.47c0,16.57,13.43,30,30,30s30-13.43,30-30h-60Z\"><\/path><\/svg><\/div><\/div>\n\n\n\n<h4 class=\"wp-block-heading has-text-align-center\">Plaisir<\/h4>\n\n\n\n<p class=\"wp-block-paragraph\">Mederi prend plaisir \u00e0 pr\u00e9parer et partager des formations mais aussi \u00e0 recevoir ses participant.e.s et \u00e9changer avec elle.ux. <\/p>\n\n\n\n<p class=\"wp-block-paragraph\">Nous souhaitons cr\u00e9er une ambiance de travail d\u00e9tendue et cr\u00e9ative.<\/p>\n<\/div>\n<\/div><\/div>\n<\/div><\/div>\n<\/div><\/div>\n<\/section>\n\n\n\n<section class=\"wp-block-group collectif--about has-circle has-global-padding is-layout-constrained wp-block-group-is-layout-constrained\" style=\"margin-top:6.2rem;--group-circle-color:var(--wp--preset--color--secondary-pastel)\">\n<div class=\"wp-block-columns are-vertically-aligned-bottom is-layout-flex wp-container-core-columns-is-layout-206091cf wp-block-columns-is-layout-flex\">\n<div class=\"wp-block-column is-vertically-aligned-bottom is-layout-flow wp-block-column-is-layout-flow\" style=\"flex-basis:60%\">\n<h2 class=\"wp-block-heading\">Un collectif au sein<br>d\u2019une coop\u00e9rative<\/h2>\n\n\n\n<p class=\"wp-block-paragraph\">Chez Mederi, nous d\u00e9fendons les valeurs de l&rsquo;Economie Sociale et Solidaire, telles que la d\u00e9mocratie, l&rsquo;\u00e9quit\u00e9 et la solidarit\u00e9, l&rsquo;utilit\u00e9 sociale et l&rsquo;\u00e9panouissement de la personne.<\/p>\n\n\n\n<p class=\"wp-block-paragraph\"><br>C&rsquo;est pourquoi nous avons int\u00e9gr\u00e9 la coop\u00e9rative Pollen SCOP. Pollen est une Coop\u00e9rative d\u2019Activit\u00e9 et d\u2019Entrepreneurs, situ\u00e9e en Ard\u00e8che, qui nous permet de cr\u00e9er et d\u00e9velopper notre activit\u00e9 en tant qu\u2019entrepreneur.ses-salari\u00e9s avec un accompagnement et un cadre collectif porteur de sens et de valeurs.<\/p>\n\n\n\n<p class=\"wp-block-paragraph\"><br>Choisir de travailler au sein de POLLEN, c\u2019est pour Mederi faire le choix de d\u00e9velopper une \u00e9conomie \u00e0 visage humain o\u00f9 le projet professionnel de chacun s\u2019inscrit dans une d\u00e9marche collective.<\/p>\n<\/div>\n\n\n\n<div class=\"wp-block-column is-vertically-aligned-bottom is-layout-flow wp-block-column-is-layout-flow\" style=\"flex-basis:40%\">\n<div class=\"wp-block-group about-images has-global-padding is-layout-constrained wp-container-core-group-is-layout-f355df52 wp-block-group-is-layout-constrained\">\n<figure class=\"wp-block-image size-large has-custom-border\"><img loading=\"lazy\" decoding=\"async\" width=\"1024\" height=\"611\" src=\"https:\/\/old.mederi-formation.fr\/wp-content\/uploads\/2023\/11\/Pollen-logo-cadre-1024x611.png\" alt=\"\" class=\"has-border-color has-tertiary-border-color wp-image-596\" style=\"border-width:8px\" srcset=\"https:\/\/old.mederi-formation.fr\/wp-content\/uploads\/2023\/11\/Pollen-logo-cadre-1024x611.png 1024w, https:\/\/old.mederi-formation.fr\/wp-content\/uploads\/2023\/11\/Pollen-logo-cadre-300x179.png 300w, https:\/\/old.mederi-formation.fr\/wp-content\/uploads\/2023\/11\/Pollen-logo-cadre-768x458.png 768w, https:\/\/old.mederi-formation.fr\/wp-content\/uploads\/2023\/11\/Pollen-logo-cadre-500x298.png 500w, https:\/\/old.mederi-formation.fr\/wp-content\/uploads\/2023\/11\/Pollen-logo-cadre.png 1280w\" sizes=\"auto, (max-width: 1024px) 100vw, 1024px\" \/><\/figure>\n\n\n\n<figure class=\"wp-block-image alignright size-full has-custom-border\"><img loading=\"lazy\" decoding=\"async\" width=\"633\" height=\"338\" src=\"https:\/\/old.mederi-formation.fr\/wp-content\/uploads\/2023\/11\/LogoQualiopi-300dpi-Avec-Marianne.png\" alt=\"\" class=\"has-border-color has-secondary-border-color wp-image-571\" style=\"border-width:8px\" srcset=\"https:\/\/old.mederi-formation.fr\/wp-content\/uploads\/2023\/11\/LogoQualiopi-300dpi-Avec-Marianne.png 633w, https:\/\/old.mederi-formation.fr\/wp-content\/uploads\/2023\/11\/LogoQualiopi-300dpi-Avec-Marianne-300x160.png 300w, https:\/\/old.mederi-formation.fr\/wp-content\/uploads\/2023\/11\/LogoQualiopi-300dpi-Avec-Marianne-500x267.png 500w\" sizes=\"auto, (max-width: 633px) 100vw, 633px\" \/><\/figure>\n<\/div>\n<\/div>\n<\/div>\n<\/section>\n\n\n\n<section class=\"wp-block-group alignwide collectif--founders is-layout-flow wp-block-group-is-layout-flow\" style=\"margin-top:6.2rem\">\n<div class=\"wp-block-group has-global-padding is-layout-constrained wp-block-group-is-layout-constrained\">\n<h2 class=\"wp-block-heading\">Les co-fondateur\u00b7ices<\/h2>\n\n\n\n<div class=\"wp-block-columns founders-about is-layout-flex wp-container-core-columns-is-layout-28f84493 wp-block-columns-is-layout-flex\">\n<div class=\"wp-block-column is-layout-flow wp-block-column-is-layout-flow\">\n<p class=\"wp-block-paragraph\">Leur aspiration \u00e0 la formation les a r\u00e9uni.es, leurs valeurs communes les ont soud\u00e9.es et de leurs \u00e9changes est n\u00e9 un v\u00e9ritable partenariat : le collectif Mederi.<\/p>\n<\/div>\n\n\n\n<div class=\"wp-block-column is-layout-flow wp-block-column-is-layout-flow\"><\/div>\n<\/div>\n<\/div>\n\n\n\n<div class=\"wp-block-columns founders-items is-layout-flex wp-container-core-columns-is-layout-28f84493 wp-block-columns-is-layout-flex\">\n<div class=\"wp-block-column is-layout-flow wp-block-column-is-layout-flow\">\n<div class=\"wp-block-group has-global-padding is-layout-constrained wp-block-group-is-layout-constrained\">                \n                                            <div class=\"portrait is-clickable\" style=\"--circle-color:var(--wp--preset--color--primary)\">\n                            <a class=\"portait-inner\" href=\"https:\/\/old.mederi-formation.fr\/index.php\/formateur\/marjorie\/\">\n                                <div class=\"portrait-image-wrapper\">\n                                                                            <div class=\"portrait-image\">\n                                            <img loading=\"lazy\" decoding=\"async\" width=\"300\" height=\"300\" src=\"https:\/\/old.mederi-formation.fr\/wp-content\/uploads\/2023\/10\/profil-300x300.jpg\" class=\"attachment-portrait size-portrait wp-post-image\" alt=\"\" srcset=\"https:\/\/old.mederi-formation.fr\/wp-content\/uploads\/2023\/10\/profil-300x300.jpg 300w, https:\/\/old.mederi-formation.fr\/wp-content\/uploads\/2023\/10\/profil-150x150.jpg 150w, https:\/\/old.mederi-formation.fr\/wp-content\/uploads\/2023\/10\/profil-75x75.jpg 75w\" sizes=\"auto, (max-width: 300px) 100vw, 300px\" \/>                                        <\/div>\n                                                                    <\/div>\n                                <div class=\"portrait-circle\"><\/div>\n                            <\/a>\n                        <\/div>\n                                    \n\n\n<h4 class=\"wp-block-heading has-text-align-center\">Marjorie<\/h4>\n\n\n\n<p class=\"wp-block-paragraph\">Kin\u00e9 depuis 2011, avec une orientation p\u00e9diatrique marqu\u00e9e, anim\u00e9e par la question des comp\u00e9tences communes dans ce domaine, je me suis dirig\u00e9e vers l\u2019enseignement. Il me semble essentiel pour favoriser les \u00e9changes, d\u2019instaurer un cadre bienveillant et s\u00e9curitaire. C\u2019est avec cette motivation qu\u2019est n\u00e9e l\u2019id\u00e9e de la cr\u00e9ation d\u2019un organisme de formation, qui a pu se concr\u00e9tiser gr\u00e2ce \u00e0 la rencontre d\u2019Anne et Guillaume qui partagent mes valeurs.<\/p>\n\n\n\n<p class=\"wp-block-paragraph\"><\/p>\n\n\n\n<p class=\"has-small-font-size wp-block-paragraph\"><strong>Ton moment de la journ\u00e9e pr\u00e9f\u00e9r\u00e9e&nbsp;:<\/strong> la nuit, moment o\u00f9 ma cr\u00e9ativit\u00e9 s\u2019exprime librement<\/p>\n\n\n\n<p class=\"has-small-font-size wp-block-paragraph\"><strong>Ton livre pr\u00e9f\u00e9r\u00e9&nbsp;:<\/strong> Ensemble c\u2019est tout, Anna Gavalda<\/p>\n\n\n\n<p class=\"has-small-font-size wp-block-paragraph\"><strong>Le plat que tu d\u00e9testes&nbsp;:<\/strong> les carottes, mais promis je reste aimable<\/p>\n\n\n\n<p class=\"has-small-font-size wp-block-paragraph\"><strong>Ce qui te fait vibrer&nbsp;:<\/strong> la danse, les \u00e9changes, les voyages !<\/p>\n<\/div>\n<\/div>\n\n\n\n<div class=\"wp-block-column is-layout-flow wp-block-column-is-layout-flow\">\n<div class=\"wp-block-group has-global-padding is-layout-constrained wp-block-group-is-layout-constrained\">                \n                                            <div class=\"portrait has-top-right-circle-position is-clickable\" style=\"--circle-color:var(--wp--preset--color--secondary)\">\n                            <a class=\"portait-inner\" href=\"https:\/\/old.mederi-formation.fr\/index.php\/formateur\/anne\/\">\n                                <div class=\"portrait-image-wrapper\">\n                                                                            <div class=\"portrait-image\">\n                                            <img loading=\"lazy\" decoding=\"async\" width=\"300\" height=\"300\" src=\"https:\/\/old.mederi-formation.fr\/wp-content\/uploads\/2023\/10\/photo-anne-300x300.jpg\" class=\"attachment-portrait size-portrait wp-post-image\" alt=\"\" srcset=\"https:\/\/old.mederi-formation.fr\/wp-content\/uploads\/2023\/10\/photo-anne-300x300.jpg 300w, https:\/\/old.mederi-formation.fr\/wp-content\/uploads\/2023\/10\/photo-anne-150x150.jpg 150w, https:\/\/old.mederi-formation.fr\/wp-content\/uploads\/2023\/10\/photo-anne-75x75.jpg 75w\" sizes=\"auto, (max-width: 300px) 100vw, 300px\" \/>                                        <\/div>\n                                                                    <\/div>\n                                <div class=\"portrait-circle\"><\/div>\n                            <\/a>\n                        <\/div>\n                                    \n\n\n<h4 class=\"wp-block-heading has-text-align-center\">Anne<\/h4>\n\n\n\n<p class=\"wp-block-paragraph\">Apr\u00e8s plusieurs ann\u00e9es d\u2019exercices, j\u2019avais besoin de diversifier mon activit\u00e9 avec l\u2019envie d\u2019accompagner des \u00e9tudiant.es ou des professionnel.les. Puis mes app\u00e9tences pour la gestion et l\u2019organisation m\u2019ont orient\u00e9 vers le choix de la cr\u00e9ation d\u2019un organisme de formation. Les \u00e9changes avec Marjorie et Guillaume ont permis de concr\u00e9tiser ce projet.<\/p>\n\n\n\n<p class=\"wp-block-paragraph\"><\/p>\n\n\n\n<p class=\"has-small-font-size wp-block-paragraph\"><strong>Ton moment de la journ\u00e9e pr\u00e9f\u00e9r\u00e9e&nbsp;:<\/strong> le lever du soleil<\/p>\n\n\n\n<p class=\"has-small-font-size wp-block-paragraph\"><strong>Ton livre pr\u00e9f\u00e9r\u00e9&nbsp;:<\/strong> Kilom\u00e8tre Z\u00e9ro de Maud Ankaoua<\/p>\n\n\n\n<p class=\"has-small-font-size wp-block-paragraph\"><strong>Le plat que tu d\u00e9testes&nbsp;:<\/strong> le choux de Bruxelles<\/p>\n\n\n\n<p class=\"has-small-font-size wp-block-paragraph\"><strong>Ce qui te fait vibrer&nbsp;:<\/strong> le yoga et la danse, la couture, les voyages, les nouvelles rencontres&nbsp;!<\/p>\n<\/div>\n<\/div>\n\n\n\n<div class=\"wp-block-column is-layout-flow wp-block-column-is-layout-flow\">\n<div class=\"wp-block-group has-global-padding is-layout-constrained wp-block-group-is-layout-constrained\">                \n                                            <div class=\"portrait is-clickable\" style=\"--circle-color:var(--wp--preset--color--primary)\">\n                            <a class=\"portait-inner\" href=\"https:\/\/old.mederi-formation.fr\/index.php\/formateur\/guillaume-bertrand\/\">\n                                <div class=\"portrait-image-wrapper\">\n                                                                            <div class=\"portrait-image\">\n                                            <img loading=\"lazy\" decoding=\"async\" width=\"300\" height=\"300\" src=\"https:\/\/old.mederi-formation.fr\/wp-content\/uploads\/2023\/10\/Fichier_000-300x300.jpeg\" class=\"attachment-portrait size-portrait wp-post-image\" alt=\"\" srcset=\"https:\/\/old.mederi-formation.fr\/wp-content\/uploads\/2023\/10\/Fichier_000-300x300.jpeg 300w, https:\/\/old.mederi-formation.fr\/wp-content\/uploads\/2023\/10\/Fichier_000-150x150.jpeg 150w, https:\/\/old.mederi-formation.fr\/wp-content\/uploads\/2023\/10\/Fichier_000-75x75.jpeg 75w\" sizes=\"auto, (max-width: 300px) 100vw, 300px\" \/>                                        <\/div>\n                                                                    <\/div>\n                                <div class=\"portrait-circle\"><\/div>\n                            <\/a>\n                        <\/div>\n                                    \n\n\n<h4 class=\"wp-block-heading has-text-align-center\">Guillaume<\/h4>\n\n\n\n<p class=\"has-standard-font-size wp-block-paragraph\">Kin\u00e9sith\u00e9rapeute exer\u00e7ant majoritairement dans le champ de la p\u00e9diatrie et du handicap, j\u2019aime plus que tout les \u00e9changes entre professionnel.les, les partages de points de vue, les transferts de savoirs. Les donn\u00e9es issues de la recherche permettent de nous faire avancer sur les soins que nous apportons \u00e0 nos patients, et la diffusion de ces informations passe notamment par la formation continue des professionnel.les, ce qui m\u2019a pouss\u00e9 \u00e0 m\u2019y int\u00e9resser. Depuis ma rencontre avec Anne et Marjorie, l\u2019id\u00e9e a germ\u00e9 de cr\u00e9er un organisme qui propose des formations innovantes, utiles et sinc\u00e8res, en portant une attention particuli\u00e8re au cadre p\u00e9dagogique et humain&#8230; Et a fini par \u00e9clore, sous la forme de Mederi !<\/p>\n\n\n\n<p class=\"wp-block-paragraph\"><\/p>\n\n\n\n<p class=\"has-small-font-size wp-block-paragraph\"><strong>Ton moment de la journ\u00e9e pr\u00e9f\u00e9r\u00e9e&nbsp;:<\/strong> le soir, quand tout le monde est couch\u00e9 (et oui je suis toujours le dernier couch\u00e9, et non je ne suis pas associable)<\/p>\n\n\n\n<p class=\"has-small-font-size wp-block-paragraph\"><strong>Ton livre pr\u00e9f\u00e9r\u00e9&nbsp;: <\/strong>Indian Creek, de Pete Fromm<\/p>\n\n\n\n<p class=\"has-small-font-size wp-block-paragraph\"><strong>Le plat que tu d\u00e9testes&nbsp;:<\/strong> les poireaux vinaigrette (l\u00e9ger trouble de l\u2019oralit\u00e9 non r\u00e9solu..)<\/p>\n\n\n\n<p class=\"has-small-font-size wp-block-paragraph\"><strong>Ce qui te fait vibrer&nbsp;:<\/strong> la musique, la nature, les gens !<\/p>\n<\/div>\n<\/div>\n<\/div>\n<\/section>\n\n\n\n<section class=\"wp-block-group collectif--trainers has-global-padding is-layout-constrained wp-block-group-is-layout-constrained\" style=\"margin-top:6rem\">\n<h2 class=\"wp-block-heading\">Nos formateurs<\/h2>\n\n\n\n<div class=\"wp-block-columns founders-about is-layout-flex wp-container-core-columns-is-layout-28f84493 wp-block-columns-is-layout-flex\">\n<div class=\"wp-block-column is-layout-flow wp-block-column-is-layout-flow\">\n<p class=\"wp-block-paragraph\">Les formateur.ices de Mederi sont expert.es dans leur domaine et souhaitent partager leur exp\u00e9rience. Ielles sont guid\u00e9.es par un conseil p\u00e9dagogique qui les encourage \u00e0 s&rsquo;inscrire dans une d\u00e9marche active afin de rendre auteur.ice tous.tes les participant.es. Cela favorise l\u2019approbation des savoirs, savoir-\u00eatre et savoir-faire tout en mettant au centre le dialogue.<\/p>\n\n\n\n<p class=\"wp-block-paragraph\"><br>Un conseil scientifique assure un contenu de qualit\u00e9. Les formateur.ices ont sign\u00e9 une charte les engageant \u00e0 se former r\u00e9guli\u00e8rement, \u00e0 d\u00e9clarer leurs conflits d\u2019int\u00e9r\u00eats et \u00e0 respecter nos valeurs qui sont le non dogmatisme, la bienveillance, la coop\u00e9ration, la valorisation et le plaisir.<\/p>\n<\/div>\n\n\n\n<div class=\"wp-block-column is-layout-flow wp-block-column-is-layout-flow\">\n<figure class=\"wp-block-image size-full is-style-default wp-duotone-blue-red\"><img loading=\"lazy\" decoding=\"async\" width=\"936\" height=\"625\" src=\"https:\/\/old.mederi-formation.fr\/wp-content\/uploads\/2023\/11\/Design-sans-titre.png\" alt=\"\" class=\"wp-image-595\" srcset=\"https:\/\/old.mederi-formation.fr\/wp-content\/uploads\/2023\/11\/Design-sans-titre.png 936w, https:\/\/old.mederi-formation.fr\/wp-content\/uploads\/2023\/11\/Design-sans-titre-300x200.png 300w, https:\/\/old.mederi-formation.fr\/wp-content\/uploads\/2023\/11\/Design-sans-titre-768x513.png 768w, https:\/\/old.mederi-formation.fr\/wp-content\/uploads\/2023\/11\/Design-sans-titre-500x334.png 500w\" sizes=\"auto, (max-width: 936px) 100vw, 936px\" \/><\/figure>\n<\/div>\n<\/div>\n\n\n\n<div style=\"height:27px\" aria-hidden=\"true\" class=\"wp-block-spacer\"><\/div>\n\n\n\n<div class=\"wp-block-buttons is-layout-flex wp-block-buttons-is-layout-flex\">\n<div class=\"wp-block-button is-style-outline has-fill-shadow is-style-outline--1\"><a class=\"wp-block-button__link wp-element-button\" href=\"https:\/\/old.mederi-formation.fr\/index.php\/nos-formateurs\/\">D\u00e9couvrez-les<\/a><\/div>\n<\/div>\n<\/section>\n","protected":false},"excerpt":{"rendered":"<p>Formations coop\u00e9ratives et bienveillantes Un collectif au seind\u2019une coop\u00e9rative Chez Mederi, nous d\u00e9fendons les valeurs de l&rsquo;Economie Sociale et Solidaire, telles que la d\u00e9mocratie, l&rsquo;\u00e9quit\u00e9 et la solidarit\u00e9, l&rsquo;utilit\u00e9 sociale et l&rsquo;\u00e9panouissement de la personne. C&rsquo;est pourquoi nous avons int\u00e9gr\u00e9 la coop\u00e9rative Pollen SCOP. Pollen est une Coop\u00e9rative d\u2019Activit\u00e9 et d\u2019Entrepreneurs, situ\u00e9e en Ard\u00e8che, qui [&hellip;]<\/p>\n","protected":false},"author":3,"featured_media":0,"parent":0,"menu_order":0,"comment_status":"closed","ping_status":"closed","template":"","meta":{"footnotes":""},"class_list":["post-141","page","type-page","status-publish","hentry"],"acf":[],"_links":{"self":[{"href":"https:\/\/old.mederi-formation.fr\/index.php\/wp-json\/wp\/v2\/pages\/141","targetHints":{"allow":["GET"]}}],"collection":[{"href":"https:\/\/old.mederi-formation.fr\/index.php\/wp-json\/wp\/v2\/pages"}],"about":[{"href":"https:\/\/old.mederi-formation.fr\/index.php\/wp-json\/wp\/v2\/types\/page"}],"author":[{"embeddable":true,"href":"https:\/\/old.mederi-formation.fr\/index.php\/wp-json\/wp\/v2\/users\/3"}],"replies":[{"embeddable":true,"href":"https:\/\/old.mederi-formation.fr\/index.php\/wp-json\/wp\/v2\/comments?post=141"}],"version-history":[{"count":17,"href":"https:\/\/old.mederi-formation.fr\/index.php\/wp-json\/wp\/v2\/pages\/141\/revisions"}],"predecessor-version":[{"id":658,"href":"https:\/\/old.mederi-formation.fr\/index.php\/wp-json\/wp\/v2\/pages\/141\/revisions\/658"}],"wp:attachment":[{"href":"https:\/\/old.mederi-formation.fr\/index.php\/wp-json\/wp\/v2\/media?parent=141"}],"curies":[{"name":"wp","href":"https:\/\/api.w.org\/{rel}","templated":true}]}}